{"id":94,"date":"2020-08-27T01:06:41","date_gmt":"2020-08-27T01:06:41","guid":{"rendered":"https:\/\/industriasdys.cl\/?page_id=94"},"modified":"2020-08-27T01:06:42","modified_gmt":"2020-08-27T01:06:42","slug":"bolsas-para-basura","status":"publish","type":"page","link":"https:\/\/industriasdys.cl\/index.php\/bolsas-para-basura\/","title":{"rendered":"Bolsas para Basura"},"content":{"rendered":"\n<p>Bolsas para basura de alta resistencia y calidad, fabricadas con materiales reciclados de residuos post-producci\u00f3n. Esto permite mejor sus propiedades mec\u00e1nicas de punci\u00f3n y desgarro.<\/p>\n\n\n\n<p><\/p>\n\n\n\n<figure class=\"wp-block-image size-large is-resized\"><img loading=\"lazy\" src=\"https:\/\/industriasdys.cl\/wp-content\/uploads\/2020\/08\/bolsa-de-basura.jpg\" alt=\"\" class=\"wp-image-95\" width=\"373\" height=\"373\" srcset=\"https:\/\/industriasdys.cl\/wp-content\/uploads\/2020\/08\/bolsa-de-basura.jpg 590w, https:\/\/industriasdys.cl\/wp-content\/uploads\/2020\/08\/bolsa-de-basura-300x300.jpg 300w, https:\/\/industriasdys.cl\/wp-content\/uploads\/2020\/08\/bolsa-de-basura-150x150.jpg 150w\" sizes=\"(max-width: 373px) 100vw, 373px\" \/><\/figure>\n","protected":false},"excerpt":{"rendered":"<p>Bolsas para basura de alta resistencia y calidad, fabricadas con materiales reciclados de residuos post-producci\u00f3n. Esto permite mejor sus propiedades mec\u00e1nicas de punci\u00f3n y desgarro.<\/p>\n","protected":false},"author":1,"featured_media":0,"parent":0,"menu_order":0,"comment_status":"closed","ping_status":"closed","template":"","meta":[],"_links":{"self":[{"href":"https:\/\/industriasdys.cl\/index.php\/wp-json\/wp\/v2\/pages\/94"}],"collection":[{"href":"https:\/\/industriasdys.cl\/index.php\/wp-json\/wp\/v2\/pages"}],"about":[{"href":"https:\/\/industriasdys.cl\/index.php\/wp-json\/wp\/v2\/types\/page"}],"author":[{"embeddable":true,"href":"https:\/\/industriasdys.cl\/index.php\/wp-json\/wp\/v2\/users\/1"}],"replies":[{"embeddable":true,"href":"https:\/\/industriasdys.cl\/index.php\/wp-json\/wp\/v2\/comments?post=94"}],"version-history":[{"count":1,"href":"https:\/\/industriasdys.cl\/index.php\/wp-json\/wp\/v2\/pages\/94\/revisions"}],"predecessor-version":[{"id":96,"href":"https:\/\/industriasdys.cl\/index.php\/wp-json\/wp\/v2\/pages\/94\/revisions\/96"}],"wp:attachment":[{"href":"https:\/\/industriasdys.cl\/index.php\/wp-json\/wp\/v2\/media?parent=94"}],"curies":[{"name":"wp","href":"https:\/\/api.w.org\/{rel}","templated":true}]}}