{"id":216,"date":"2020-09-01T04:31:00","date_gmt":"2020-09-01T04:31:00","guid":{"rendered":"https:\/\/industriasdys.cl\/?page_id=216"},"modified":"2020-09-01T04:31:01","modified_gmt":"2020-09-01T04:31:01","slug":"manga-invernadero-uv-1-y-2-temporadas","status":"publish","type":"page","link":"https:\/\/industriasdys.cl\/index.php\/manga-invernadero-uv-1-y-2-temporadas\/","title":{"rendered":"Manga invernadero UV 1 y 2 temporadas."},"content":{"rendered":"\n<p><strong>UV 1T Hals:<\/strong>\u00a0Film Coextruido Tricapa estabilizado con Aditivo UV Hals alta transparencia para que ofrezca un duraci\u00f3n correspondiente a una temporada agr\u00edcola la que se encuentra en un rango de 12 meses, fabricado con resinas de la m\u00e1s alta calidad (LDPE), especialmente formuladas siguiendo los m\u00e1s altos est\u00e1ndares de calidad y certificaci\u00f3n.<\/p>\n\n\n\n<p><strong>UV 1T N\u00edquel:<\/strong>\u00a0Film Coextruido Tricapa estabilizado con aditivo UV 1 Temporada N\u00edquel (Amarillo verdoso) altamente resistente a agentes externos que afectan la vida \u00fatil del Film. Ofrece una duraci\u00f3n en un rango de 12 meses, fabricado con resinas de la m\u00e1s alta calidad (LDPE), especialmente formuladas siguiendo los m\u00e1s altos est\u00e1ndares de calidad y certificaci\u00f3n.<\/p>\n\n\n\n<p><strong>UV 2T Hals:<\/strong>\u00a0Film Coextruido Tricapa estabilizado con Aditivo UV Hals alta transparencia para que ofrezca un duraci\u00f3n correspondiente a una temporada agr\u00edcola la que se encuentra en un rango de 24 meses, fabricado con resinas de la m\u00e1s alta calidad (LDPE), especialmente formuladas siguiendo los m\u00e1s altos est\u00e1ndares de calidad y certificaci\u00f3n.<\/p>\n\n\n\n<p><strong>UV 2T N\u00edquel:<\/strong>\u00a0Film Coextruido Tricapa estabilizado con aditivo UV 1 Temporada N\u00edquel (Amarillo verdoso) altamente resistente a agentes externos que afectan la vida \u00fatil del Film. Ofrece una duraci\u00f3n en un rango de 24 meses, fabricado con resinas de la m\u00e1s alta calidad (LDPE), especialmente formuladas siguiendo los m\u00e1s altos est\u00e1ndares de calidad y certificaci\u00f3n.<\/p>\n","protected":false},"excerpt":{"rendered":"<p>UV 1T Hals:\u00a0Film Coextruido Tricapa estabilizado con Aditivo UV Hals alta transparencia para que ofrezca un duraci\u00f3n correspondiente a una temporada agr\u00edcola la que se encuentra en un rango de 12 meses, fabricado con resinas de la m\u00e1s alta calidad (LDPE), especialmente formuladas siguiendo los m\u00e1s altos est\u00e1ndares de calidad y certificaci\u00f3n. UV 1T N\u00edquel:\u00a0Film &hellip;<\/p>\n<p class=\"read-more\"> <a class=\"\" href=\"https:\/\/industriasdys.cl\/index.php\/manga-invernadero-uv-1-y-2-temporadas\/\"> <span class=\"screen-reader-text\">Manga invernadero UV 1 y 2 temporadas.<\/span> Read More &raquo;<\/a><\/p>\n","protected":false},"author":1,"featured_media":0,"parent":0,"menu_order":0,"comment_status":"closed","ping_status":"closed","template":"","meta":[],"_links":{"self":[{"href":"https:\/\/industriasdys.cl\/index.php\/wp-json\/wp\/v2\/pages\/216"}],"collection":[{"href":"https:\/\/industriasdys.cl\/index.php\/wp-json\/wp\/v2\/pages"}],"about":[{"href":"https:\/\/industriasdys.cl\/index.php\/wp-json\/wp\/v2\/types\/page"}],"author":[{"embeddable":true,"href":"https:\/\/industriasdys.cl\/index.php\/wp-json\/wp\/v2\/users\/1"}],"replies":[{"embeddable":true,"href":"https:\/\/industriasdys.cl\/index.php\/wp-json\/wp\/v2\/comments?post=216"}],"version-history":[{"count":1,"href":"https:\/\/industriasdys.cl\/index.php\/wp-json\/wp\/v2\/pages\/216\/revisions"}],"predecessor-version":[{"id":217,"href":"https:\/\/industriasdys.cl\/index.php\/wp-json\/wp\/v2\/pages\/216\/revisions\/217"}],"wp:attachment":[{"href":"https:\/\/industriasdys.cl\/index.php\/wp-json\/wp\/v2\/media?parent=216"}],"curies":[{"name":"wp","href":"https:\/\/api.w.org\/{rel}","templated":true}]}}