{"id":214,"date":"2020-09-01T04:25:47","date_gmt":"2020-09-01T04:25:47","guid":{"rendered":"https:\/\/industriasdys.cl\/?page_id=214"},"modified":"2020-09-01T04:25:47","modified_gmt":"2020-09-01T04:25:47","slug":"mangas-impresas","status":"publish","type":"page","link":"https:\/\/industriasdys.cl\/index.php\/mangas-impresas\/","title":{"rendered":"Mangas impresas"},"content":{"rendered":"\n<p>Manga impresa fabricada con polietileno coextruido de alta y\/o baja densidad para contacto directo con alimentos.<\/p>\n\n\n\n<p>Estas se utilizan en diversas aplicaciones, como:<\/p>\n\n\n\n<ul><li>Recubrimiento de productos qu\u00edmicos<\/li><li>Embalajes industrial<\/li><li>Todo tipo de recubrimiento y protecci\u00f3n<\/li><li>Envasado de productos alimenticios, pesqueros, agr\u00edcolas, agropecuarios,<br>almacigueros, construcci\u00f3n, exportaci\u00f3n de frutas (deshidratadas y frescas)<\/li><\/ul>\n\n\n\n<p>Producto recomendado para lograr un mejor posicionamiento de marca mediante el packaging de su producto.<\/p>\n","protected":false},"excerpt":{"rendered":"<p>Manga impresa fabricada con polietileno coextruido de alta y\/o baja densidad para contacto directo con alimentos. Estas se utilizan en diversas aplicaciones, como: Recubrimiento de productos qu\u00edmicos Embalajes industrial Todo tipo de recubrimiento y protecci\u00f3n Envasado de productos alimenticios, pesqueros, agr\u00edcolas, agropecuarios,almacigueros, construcci\u00f3n, exportaci\u00f3n de frutas (deshidratadas y frescas) Producto recomendado para lograr un mejor &hellip;<\/p>\n<p class=\"read-more\"> <a class=\"\" href=\"https:\/\/industriasdys.cl\/index.php\/mangas-impresas\/\"> <span class=\"screen-reader-text\">Mangas impresas<\/span> Read More &raquo;<\/a><\/p>\n","protected":false},"author":1,"featured_media":0,"parent":0,"menu_order":0,"comment_status":"closed","ping_status":"closed","template":"","meta":[],"_links":{"self":[{"href":"https:\/\/industriasdys.cl\/index.php\/wp-json\/wp\/v2\/pages\/214"}],"collection":[{"href":"https:\/\/industriasdys.cl\/index.php\/wp-json\/wp\/v2\/pages"}],"about":[{"href":"https:\/\/industriasdys.cl\/index.php\/wp-json\/wp\/v2\/types\/page"}],"author":[{"embeddable":true,"href":"https:\/\/industriasdys.cl\/index.php\/wp-json\/wp\/v2\/users\/1"}],"replies":[{"embeddable":true,"href":"https:\/\/industriasdys.cl\/index.php\/wp-json\/wp\/v2\/comments?post=214"}],"version-history":[{"count":1,"href":"https:\/\/industriasdys.cl\/index.php\/wp-json\/wp\/v2\/pages\/214\/revisions"}],"predecessor-version":[{"id":215,"href":"https:\/\/industriasdys.cl\/index.php\/wp-json\/wp\/v2\/pages\/214\/revisions\/215"}],"wp:attachment":[{"href":"https:\/\/industriasdys.cl\/index.php\/wp-json\/wp\/v2\/media?parent=214"}],"curies":[{"name":"wp","href":"https:\/\/api.w.org\/{rel}","templated":true}]}}