{"id":211,"date":"2020-09-01T04:22:35","date_gmt":"2020-09-01T04:22:35","guid":{"rendered":"https:\/\/industriasdys.cl\/?page_id=211"},"modified":"2020-09-01T04:22:36","modified_gmt":"2020-09-01T04:22:36","slug":"mangas-de-riego","status":"publish","type":"page","link":"https:\/\/industriasdys.cl\/index.php\/mangas-de-riego\/","title":{"rendered":"Mangas de riego"},"content":{"rendered":"\n<p>Fabricadas con Polietileno (LDPE) y (HDPE) es una excelente alternativa para la conducci\u00f3n de agua, de f\u00e1cil aplicaci\u00f3n y alta resistencia mec\u00e1nica debido a su flexibilidad y formulaci\u00f3n.<\/p>\n\n\n\n<p>Permiten un considerable ahorro y p\u00e9rdida de agua a un conveniente costo.<br>Se fabrican en dos alternativas:<\/p>\n\n\n\n<ul><li>Resinas recuperadas<\/li><li>Resinas v\u00edrgenes (asegurando mayor duraci\u00f3n)<\/li><\/ul>\n\n\n\n<figure class=\"wp-block-image size-large is-resized\"><img loading=\"lazy\" src=\"https:\/\/industriasdys.cl\/wp-content\/uploads\/2020\/09\/manga-de-riego-1024x576.jpg\" alt=\"\" class=\"wp-image-212\" width=\"470\" height=\"264\" srcset=\"https:\/\/industriasdys.cl\/wp-content\/uploads\/2020\/09\/manga-de-riego-1024x576.jpg 1024w, https:\/\/industriasdys.cl\/wp-content\/uploads\/2020\/09\/manga-de-riego-300x169.jpg 300w, https:\/\/industriasdys.cl\/wp-content\/uploads\/2020\/09\/manga-de-riego-768x432.jpg 768w, https:\/\/industriasdys.cl\/wp-content\/uploads\/2020\/09\/manga-de-riego.jpg 1080w\" sizes=\"(max-width: 470px) 100vw, 470px\" \/><\/figure>\n","protected":false},"excerpt":{"rendered":"<p>Fabricadas con Polietileno (LDPE) y (HDPE) es una excelente alternativa para la conducci\u00f3n de agua, de f\u00e1cil aplicaci\u00f3n y alta resistencia mec\u00e1nica debido a su flexibilidad y formulaci\u00f3n. Permiten un considerable ahorro y p\u00e9rdida de agua a un conveniente costo.Se fabrican en dos alternativas: Resinas recuperadas Resinas v\u00edrgenes (asegurando mayor duraci\u00f3n)<\/p>\n","protected":false},"author":1,"featured_media":0,"parent":0,"menu_order":0,"comment_status":"closed","ping_status":"closed","template":"","meta":[],"_links":{"self":[{"href":"https:\/\/industriasdys.cl\/index.php\/wp-json\/wp\/v2\/pages\/211"}],"collection":[{"href":"https:\/\/industriasdys.cl\/index.php\/wp-json\/wp\/v2\/pages"}],"about":[{"href":"https:\/\/industriasdys.cl\/index.php\/wp-json\/wp\/v2\/types\/page"}],"author":[{"embeddable":true,"href":"https:\/\/industriasdys.cl\/index.php\/wp-json\/wp\/v2\/users\/1"}],"replies":[{"embeddable":true,"href":"https:\/\/industriasdys.cl\/index.php\/wp-json\/wp\/v2\/comments?post=211"}],"version-history":[{"count":1,"href":"https:\/\/industriasdys.cl\/index.php\/wp-json\/wp\/v2\/pages\/211\/revisions"}],"predecessor-version":[{"id":213,"href":"https:\/\/industriasdys.cl\/index.php\/wp-json\/wp\/v2\/pages\/211\/revisions\/213"}],"wp:attachment":[{"href":"https:\/\/industriasdys.cl\/index.php\/wp-json\/wp\/v2\/media?parent=211"}],"curies":[{"name":"wp","href":"https:\/\/api.w.org\/{rel}","templated":true}]}}