{"id":198,"date":"2020-09-01T04:04:57","date_gmt":"2020-09-01T04:04:57","guid":{"rendered":"https:\/\/industriasdys.cl\/?page_id=198"},"modified":"2020-09-01T04:04:58","modified_gmt":"2020-09-01T04:04:58","slug":"film-tuneles-agricola","status":"publish","type":"page","link":"https:\/\/industriasdys.cl\/index.php\/film-tuneles-agricola\/","title":{"rendered":"Film tuneles agr\u00edcola"},"content":{"rendered":"\n<p>Lamina que permite la creaci\u00f3n de un micro-clima, que protege al cultivo de los agentes atmosf\u00e9ricos y la acci\u00f3n de p\u00e1jaros e insectos. Al ser angostos y bajos pierden aire durante la noche por lo que pierden temperatura, para ello hemos desarrollado nuestro\u00a0<strong>t\u00fanel t\u00e9rmico con difusor de luz y antigoteo<\/strong>, de alta resistencia mec\u00e1nica.<\/p>\n\n\n\n<figure class=\"wp-block-image size-large is-resized\"><img loading=\"lazy\" src=\"https:\/\/industriasdys.cl\/wp-content\/uploads\/2020\/09\/tuneles-agricola.jpg\" alt=\"\" class=\"wp-image-199\" width=\"223\" height=\"203\" srcset=\"https:\/\/industriasdys.cl\/wp-content\/uploads\/2020\/09\/tuneles-agricola.jpg 739w, https:\/\/industriasdys.cl\/wp-content\/uploads\/2020\/09\/tuneles-agricola-300x274.jpg 300w\" sizes=\"(max-width: 223px) 100vw, 223px\" \/><\/figure>\n","protected":false},"excerpt":{"rendered":"<p>Lamina que permite la creaci\u00f3n de un micro-clima, que protege al cultivo de los agentes atmosf\u00e9ricos y la acci\u00f3n de p\u00e1jaros e insectos. Al ser angostos y bajos pierden aire durante la noche por lo que pierden temperatura, para ello hemos desarrollado nuestro\u00a0t\u00fanel t\u00e9rmico con difusor de luz y antigoteo, de alta resistencia mec\u00e1nica.<\/p>\n","protected":false},"author":1,"featured_media":0,"parent":0,"menu_order":0,"comment_status":"closed","ping_status":"closed","template":"","meta":[],"_links":{"self":[{"href":"https:\/\/industriasdys.cl\/index.php\/wp-json\/wp\/v2\/pages\/198"}],"collection":[{"href":"https:\/\/industriasdys.cl\/index.php\/wp-json\/wp\/v2\/pages"}],"about":[{"href":"https:\/\/industriasdys.cl\/index.php\/wp-json\/wp\/v2\/types\/page"}],"author":[{"embeddable":true,"href":"https:\/\/industriasdys.cl\/index.php\/wp-json\/wp\/v2\/users\/1"}],"replies":[{"embeddable":true,"href":"https:\/\/industriasdys.cl\/index.php\/wp-json\/wp\/v2\/comments?post=198"}],"version-history":[{"count":1,"href":"https:\/\/industriasdys.cl\/index.php\/wp-json\/wp\/v2\/pages\/198\/revisions"}],"predecessor-version":[{"id":200,"href":"https:\/\/industriasdys.cl\/index.php\/wp-json\/wp\/v2\/pages\/198\/revisions\/200"}],"wp:attachment":[{"href":"https:\/\/industriasdys.cl\/index.php\/wp-json\/wp\/v2\/media?parent=198"}],"curies":[{"name":"wp","href":"https:\/\/api.w.org\/{rel}","templated":true}]}}