{"id":193,"date":"2020-09-01T03:56:17","date_gmt":"2020-09-01T03:56:17","guid":{"rendered":"https:\/\/industriasdys.cl\/?page_id=193"},"modified":"2020-09-01T03:56:17","modified_gmt":"2020-09-01T03:56:17","slug":"mulch","status":"publish","type":"page","link":"https:\/\/industriasdys.cl\/index.php\/mulch\/","title":{"rendered":"Mulch"},"content":{"rendered":"\n<p>Lamina fabricada con (LDPE) de alta resistencia y elasticidad coextruida. Formulada dependiendo de la aplicaci\u00f3n en el cultivo sin UV o con la incorporaci\u00f3n de estabilizador UV Hals para UV 1 y UV 2 temporadas Agr\u00edcolas, impidiendo el paso de luminosidad y evitando la proliferaci\u00f3n de malas hiedras, por otra parte presenta excelentes condiciones para mantener temperatura hacia la zona radicular y minimizar la perdida de humedad.<\/p>\n\n\n\n<p>Mulch Ultra Livianos<br>Con la incorporaci\u00f3n de nuevas resinas el\u00e1sticas y altamente resistentes y aditivadas con estabilizadores UV para UV 1 Temporada y UV 2 temporadas. Hemos desarrollado nuestro Mulch ultra liviano con alta resistencia mec\u00e1nica y un excelente efecto Herbicida.<br>Nota: Las l\u00e1minas fabricadas sin estabilizador UV no tienen garant\u00eda.<\/p>\n","protected":false},"excerpt":{"rendered":"<p>Lamina fabricada con (LDPE) de alta resistencia y elasticidad coextruida. Formulada dependiendo de la aplicaci\u00f3n en el cultivo sin UV o con la incorporaci\u00f3n de estabilizador UV Hals para UV 1 y UV 2 temporadas Agr\u00edcolas, impidiendo el paso de luminosidad y evitando la proliferaci\u00f3n de malas hiedras, por otra parte presenta excelentes condiciones para &hellip;<\/p>\n<p class=\"read-more\"> <a class=\"\" href=\"https:\/\/industriasdys.cl\/index.php\/mulch\/\"> <span class=\"screen-reader-text\">Mulch<\/span> Read More &raquo;<\/a><\/p>\n","protected":false},"author":1,"featured_media":0,"parent":0,"menu_order":0,"comment_status":"closed","ping_status":"closed","template":"","meta":[],"_links":{"self":[{"href":"https:\/\/industriasdys.cl\/index.php\/wp-json\/wp\/v2\/pages\/193"}],"collection":[{"href":"https:\/\/industriasdys.cl\/index.php\/wp-json\/wp\/v2\/pages"}],"about":[{"href":"https:\/\/industriasdys.cl\/index.php\/wp-json\/wp\/v2\/types\/page"}],"author":[{"embeddable":true,"href":"https:\/\/industriasdys.cl\/index.php\/wp-json\/wp\/v2\/users\/1"}],"replies":[{"embeddable":true,"href":"https:\/\/industriasdys.cl\/index.php\/wp-json\/wp\/v2\/comments?post=193"}],"version-history":[{"count":1,"href":"https:\/\/industriasdys.cl\/index.php\/wp-json\/wp\/v2\/pages\/193\/revisions"}],"predecessor-version":[{"id":194,"href":"https:\/\/industriasdys.cl\/index.php\/wp-json\/wp\/v2\/pages\/193\/revisions\/194"}],"wp:attachment":[{"href":"https:\/\/industriasdys.cl\/index.php\/wp-json\/wp\/v2\/media?parent=193"}],"curies":[{"name":"wp","href":"https:\/\/api.w.org\/{rel}","templated":true}]}}