{"id":188,"date":"2020-09-01T03:48:45","date_gmt":"2020-09-01T03:48:45","guid":{"rendered":"https:\/\/industriasdys.cl\/?page_id=188"},"modified":"2020-09-01T03:48:46","modified_gmt":"2020-09-01T03:48:46","slug":"film-termocontraible-embotelladoras-y-otros","status":"publish","type":"page","link":"https:\/\/industriasdys.cl\/index.php\/film-termocontraible-embotelladoras-y-otros\/","title":{"rendered":"Film termocontraible embotelladoras y otros"},"content":{"rendered":"\n<p>Film fabricados con polietilenos coextruidos de alta y\/o baja densidad para contacto directo con alimentos, dise\u00f1ado para lineas de envasado autom\u00e1tico de productos.<\/p>\n\n\n\n<p>Ventajas<\/p>\n\n\n\n<ul><li>Protege a los productos de los factores externos (humedad, polvo y manipulaci\u00f3n).<\/li><li>Representa un ahorro considerable&nbsp;de dinero contra el embalaje en cajas de cart\u00f3n.<\/li><li>Versatibilidad de embalaje, debido que una maquina puede envasar diferentes medidas\/cantidades de productos.<\/li><li>Tiempo de embalaje m\u00ednimo, ya que la termo contracci\u00f3n es inmediata.<\/li><\/ul>\n\n\n\n<figure class=\"wp-block-image size-large is-resized\"><img loading=\"lazy\" src=\"https:\/\/industriasdys.cl\/wp-content\/uploads\/2020\/09\/envases-termocontraible.jpg\" alt=\"\" class=\"wp-image-189\" width=\"311\" height=\"202\"\/><\/figure>\n","protected":false},"excerpt":{"rendered":"<p>Film fabricados con polietilenos coextruidos de alta y\/o baja densidad para contacto directo con alimentos, dise\u00f1ado para lineas de envasado autom\u00e1tico de productos. Ventajas Protege a los productos de los factores externos (humedad, polvo y manipulaci\u00f3n). Representa un ahorro considerable&nbsp;de dinero contra el embalaje en cajas de cart\u00f3n. Versatibilidad de embalaje, debido que una maquina &hellip;<\/p>\n<p class=\"read-more\"> <a class=\"\" href=\"https:\/\/industriasdys.cl\/index.php\/film-termocontraible-embotelladoras-y-otros\/\"> <span class=\"screen-reader-text\">Film termocontraible embotelladoras y otros<\/span> Read More &raquo;<\/a><\/p>\n","protected":false},"author":1,"featured_media":0,"parent":0,"menu_order":0,"comment_status":"closed","ping_status":"closed","template":"","meta":[],"_links":{"self":[{"href":"https:\/\/industriasdys.cl\/index.php\/wp-json\/wp\/v2\/pages\/188"}],"collection":[{"href":"https:\/\/industriasdys.cl\/index.php\/wp-json\/wp\/v2\/pages"}],"about":[{"href":"https:\/\/industriasdys.cl\/index.php\/wp-json\/wp\/v2\/types\/page"}],"author":[{"embeddable":true,"href":"https:\/\/industriasdys.cl\/index.php\/wp-json\/wp\/v2\/users\/1"}],"replies":[{"embeddable":true,"href":"https:\/\/industriasdys.cl\/index.php\/wp-json\/wp\/v2\/comments?post=188"}],"version-history":[{"count":1,"href":"https:\/\/industriasdys.cl\/index.php\/wp-json\/wp\/v2\/pages\/188\/revisions"}],"predecessor-version":[{"id":190,"href":"https:\/\/industriasdys.cl\/index.php\/wp-json\/wp\/v2\/pages\/188\/revisions\/190"}],"wp:attachment":[{"href":"https:\/\/industriasdys.cl\/index.php\/wp-json\/wp\/v2\/media?parent=188"}],"curies":[{"name":"wp","href":"https:\/\/api.w.org\/{rel}","templated":true}]}}