{"id":165,"date":"2020-08-28T04:22:16","date_gmt":"2020-08-28T04:22:16","guid":{"rendered":"https:\/\/industriasdys.cl\/?page_id=165"},"modified":"2020-08-28T04:25:52","modified_gmt":"2020-08-28T04:25:52","slug":"sobre-nosotros","status":"publish","type":"page","link":"https:\/\/industriasdys.cl\/index.php\/sobre-nosotros\/","title":{"rendered":"Sobre nosotros"},"content":{"rendered":"\t\t<div data-elementor-type=\"wp-page\" data-elementor-id=\"165\" class=\"elementor elementor-165\" data-elementor-settings=\"[]\">\n\t\t\t\t\t\t<div class=\"elementor-inner\">\n\t\t\t\t\t\t\t<div class=\"elementor-section-wrap\">\n\t\t\t\t\t\t\t<section class=\"elementor-section elementor-top-section elementor-element elementor-element-60958566 elementor-section-content-middle elementor-section-boxed elementor-section-height-default elementor-section-height-default\" data-id=\"60958566\" data-element_type=\"section\" data-settings=\"{&quot;background_background&quot;:&quot;classic&quot;}\">\n\t\t\t\t\t\t<div class=\"elementor-container elementor-column-gap-no\">\n\t\t\t\t\t\t\t<div class=\"elementor-row\">\n\t\t\t\t\t<div class=\"elementor-column elementor-col-50 elementor-top-column elementor-element elementor-element-4cb9d385\" data-id=\"4cb9d385\" data-element_type=\"column\">\n\t\t\t<div class=\"elementor-column-wrap elementor-element-populated\">\n\t\t\t\t\t\t\t<div class=\"elementor-widget-wrap\">\n\t\t\t\t\t\t<div class=\"elementor-element elementor-element-39585b37 elementor-widget elementor-widget-image\" data-id=\"39585b37\" data-element_type=\"widget\" data-widget_type=\"image.default\">\n\t\t\t\t<div class=\"elementor-widget-container\">\n\t\t\t\t\t<div class=\"elementor-image\">\n\t\t\t\t\t\t\t\t\t\t<img width=\"525\" height=\"850\" src=\"https:\/\/industriasdys.cl\/wp-content\/uploads\/2020\/08\/logo-fondo-blanco-1.png\" class=\"attachment-full size-full\" alt=\"\" loading=\"lazy\" srcset=\"https:\/\/industriasdys.cl\/wp-content\/uploads\/2020\/08\/logo-fondo-blanco-1.png 525w, https:\/\/industriasdys.cl\/wp-content\/uploads\/2020\/08\/logo-fondo-blanco-1-185x300.png 185w\" sizes=\"(max-width: 525px) 100vw, 525px\" \/>\t\t\t\t\t\t\t\t\t\t\t<\/div>\n\t\t\t\t<\/div>\n\t\t\t\t<\/div>\n\t\t\t\t\t\t<\/div>\n\t\t\t\t\t<\/div>\n\t\t<\/div>\n\t\t\t\t<div class=\"elementor-column elementor-col-50 elementor-top-column elementor-element elementor-element-3673bfc7\" data-id=\"3673bfc7\" data-element_type=\"column\">\n\t\t\t<div class=\"elementor-column-wrap elementor-element-populated\">\n\t\t\t\t\t\t\t<div class=\"elementor-widget-wrap\">\n\t\t\t\t\t\t<div class=\"elementor-element elementor-element-6306510d elementor-widget elementor-widget-heading\" data-id=\"6306510d\" data-element_type=\"widget\" data-widget_type=\"heading.default\">\n\t\t\t\t<div class=\"elementor-widget-container\">\n\t\t\t<h4 class=\"elementor-heading-title elementor-size-default\">Sobre nosotros.<\/h4>\t\t<\/div>\n\t\t\t\t<\/div>\n\t\t\t\t<div class=\"elementor-element elementor-element-1db6d605 elementor-widget elementor-widget-text-editor\" data-id=\"1db6d605\" data-element_type=\"widget\" data-widget_type=\"text-editor.default\">\n\t\t\t\t<div class=\"elementor-widget-container\">\n\t\t\t\t\t<div class=\"elementor-text-editor elementor-clearfix\"><p><strong>Industrias DYS es una empresa Chilena enfocada en la producci\u00f3n y comercializaci\u00f3n de productos pl\u00e1sticos.<\/strong><\/p><p><strong>La empresa es de car\u00e1cter familiar y es liderada por su gerente general y una segunda linea de gerencia que se encuentra en un proceso continuo de fortalecimiento de su estructura interna, con el firme prop\u00f3sito de colocar a Industrias DYS en protagonista activo del mercado y consolidaci\u00f3n nacional.<\/strong><\/p><p><strong>El objetivo de la gerencia y sus colaboradores es desarrollar nuevos productos y tecnolog\u00edas que nos permitan ir mejorando constantemente para cumplir los altos est\u00e1ndares que en el d\u00eda de hoy nos exigen nuestros clientes, e ir a la par con el desarrollo del mercado.<\/strong><\/p><p><strong>Nuestros principales productos corresponden a bolsas, mangas y film de polietileno en alta y baja densidad, con y sin impresi\u00f3n.<\/strong><\/p><p><strong>Tenemos una cobertura nacional en el sector frigor\u00edfico y agr\u00edcola con excelentes resultados y clientes fieles que nos apoyan por mas de 15 a\u00f1os.\u00a0<\/strong><\/p><p><strong>Junto con todo esto constamos con un personal calificado en todas nuestras lineas de producci\u00f3n, lo que nos da confianza y tenacidad para los nuevos desaf\u00edos en los cuales esta enfocada nuestra empresa.\u00a0<\/strong><\/p><\/div>\n\t\t\t\t<\/div>\n\t\t\t\t<\/div>\n\t\t\t\t\t\t<\/div>\n\t\t\t\t\t<\/div>\n\t\t<\/div>\n\t\t\t\t\t\t\t\t<\/div>\n\t\t\t\t\t<\/div>\n\t\t<\/section>\n\t\t\t\t<section class=\"elementor-section elementor-top-section elementor-element elementor-element-97bae6d elementor-section-boxed elementor-section-height-default elementor-section-height-default\" data-id=\"97bae6d\" data-element_type=\"section\">\n\t\t\t\t\t\t<div class=\"elementor-container elementor-column-gap-default\">\n\t\t\t\t\t\t\t<div class=\"elementor-row\">\n\t\t\t\t\t<div class=\"elementor-column elementor-col-100 elementor-top-column elementor-element elementor-element-36aabea\" data-id=\"36aabea\" data-element_type=\"column\">\n\t\t\t<div class=\"elementor-column-wrap elementor-element-populated\">\n\t\t\t\t\t\t\t<div class=\"elementor-widget-wrap\">\n\t\t\t\t\t\t<div class=\"elementor-element elementor-element-42ee65c elementor-widget elementor-widget-button\" data-id=\"42ee65c\" data-element_type=\"widget\" data-widget_type=\"button.default\">\n\t\t\t\t<div class=\"elementor-widget-container\">\n\t\t\t\t\t<div class=\"elementor-button-wrapper\">\n\t\t\t<a href=\"https:\/\/industriasdys.cl\/\" class=\"elementor-button-link elementor-button elementor-size-sm\" role=\"button\">\n\t\t\t\t\t\t<span class=\"elementor-button-content-wrapper\">\n\t\t\t\t\t\t<span class=\"elementor-button-text\">Ir a Inicio<\/span>\n\t\t<\/span>\n\t\t\t\t\t<\/a>\n\t\t<\/div>\n\t\t\t\t<\/div>\n\t\t\t\t<\/div>\n\t\t\t\t\t\t<\/div>\n\t\t\t\t\t<\/div>\n\t\t<\/div>\n\t\t\t\t\t\t\t\t<\/div>\n\t\t\t\t\t<\/div>\n\t\t<\/section>\n\t\t\t\t\t\t<\/div>\n\t\t\t\t\t\t<\/div>\n\t\t\t\t\t<\/div>\n\t\t","protected":false},"excerpt":{"rendered":"<p>Sobre nosotros. Industrias DYS es una empresa Chilena enfocada en la producci\u00f3n y comercializaci\u00f3n de productos pl\u00e1sticos. La empresa es de car\u00e1cter familiar y es liderada por su gerente general y una segunda linea de gerencia que se encuentra en un proceso continuo de fortalecimiento de su estructura interna, con el firme prop\u00f3sito de colocar &hellip;<\/p>\n<p class=\"read-more\"> <a class=\"\" href=\"https:\/\/industriasdys.cl\/index.php\/sobre-nosotros\/\"> <span class=\"screen-reader-text\">Sobre nosotros<\/span> Read More &raquo;<\/a><\/p>\n","protected":false},"author":1,"featured_media":0,"parent":0,"menu_order":0,"comment_status":"closed","ping_status":"closed","template":"","meta":[],"_links":{"self":[{"href":"https:\/\/industriasdys.cl\/index.php\/wp-json\/wp\/v2\/pages\/165"}],"collection":[{"href":"https:\/\/industriasdys.cl\/index.php\/wp-json\/wp\/v2\/pages"}],"about":[{"href":"https:\/\/industriasdys.cl\/index.php\/wp-json\/wp\/v2\/types\/page"}],"author":[{"embeddable":true,"href":"https:\/\/industriasdys.cl\/index.php\/wp-json\/wp\/v2\/users\/1"}],"replies":[{"embeddable":true,"href":"https:\/\/industriasdys.cl\/index.php\/wp-json\/wp\/v2\/comments?post=165"}],"version-history":[{"count":2,"href":"https:\/\/industriasdys.cl\/index.php\/wp-json\/wp\/v2\/pages\/165\/revisions"}],"predecessor-version":[{"id":167,"href":"https:\/\/industriasdys.cl\/index.php\/wp-json\/wp\/v2\/pages\/165\/revisions\/167"}],"wp:attachment":[{"href":"https:\/\/industriasdys.cl\/index.php\/wp-json\/wp\/v2\/media?parent=165"}],"curies":[{"name":"wp","href":"https:\/\/api.w.org\/{rel}","templated":true}]}}