{"id":138,"date":"2020-08-27T03:18:14","date_gmt":"2020-08-27T03:18:14","guid":{"rendered":"https:\/\/industriasdys.cl\/?page_id=138"},"modified":"2020-08-27T03:18:15","modified_gmt":"2020-08-27T03:18:15","slug":"bolsas-para-frutos-secos","status":"publish","type":"page","link":"https:\/\/industriasdys.cl\/index.php\/bolsas-para-frutos-secos\/","title":{"rendered":"Bolsas para frutos secos"},"content":{"rendered":"\n<p>Tenemos una gran variedad de bolsas para frutos secos, tama\u00f1os y calidad como lo soliciten nuestros clientes con altos est\u00e1ndares de fabricaci\u00f3n.<\/p>\n\n\n\n<p>Consulta por el dise\u00f1o y formato que deseas con nosotros.<\/p>\n\n\n\n<figure class=\"wp-block-image size-large\"><img loading=\"lazy\" width=\"200\" height=\"299\" src=\"https:\/\/industriasdys.cl\/wp-content\/uploads\/2020\/08\/bolsa-frutos-secos.png\" alt=\"\" class=\"wp-image-139\"\/><\/figure>\n","protected":false},"excerpt":{"rendered":"<p>Tenemos una gran variedad de bolsas para frutos secos, tama\u00f1os y calidad como lo soliciten nuestros clientes con altos est\u00e1ndares de fabricaci\u00f3n. Consulta por el dise\u00f1o y formato que deseas con nosotros.<\/p>\n","protected":false},"author":1,"featured_media":0,"parent":0,"menu_order":0,"comment_status":"closed","ping_status":"closed","template":"","meta":[],"_links":{"self":[{"href":"https:\/\/industriasdys.cl\/index.php\/wp-json\/wp\/v2\/pages\/138"}],"collection":[{"href":"https:\/\/industriasdys.cl\/index.php\/wp-json\/wp\/v2\/pages"}],"about":[{"href":"https:\/\/industriasdys.cl\/index.php\/wp-json\/wp\/v2\/types\/page"}],"author":[{"embeddable":true,"href":"https:\/\/industriasdys.cl\/index.php\/wp-json\/wp\/v2\/users\/1"}],"replies":[{"embeddable":true,"href":"https:\/\/industriasdys.cl\/index.php\/wp-json\/wp\/v2\/comments?post=138"}],"version-history":[{"count":1,"href":"https:\/\/industriasdys.cl\/index.php\/wp-json\/wp\/v2\/pages\/138\/revisions"}],"predecessor-version":[{"id":140,"href":"https:\/\/industriasdys.cl\/index.php\/wp-json\/wp\/v2\/pages\/138\/revisions\/140"}],"wp:attachment":[{"href":"https:\/\/industriasdys.cl\/index.php\/wp-json\/wp\/v2\/media?parent=138"}],"curies":[{"name":"wp","href":"https:\/\/api.w.org\/{rel}","templated":true}]}}