{"id":121,"date":"2020-08-27T01:54:46","date_gmt":"2020-08-27T01:54:46","guid":{"rendered":"https:\/\/industriasdys.cl\/?page_id=121"},"modified":"2020-08-27T02:43:39","modified_gmt":"2020-08-27T02:43:39","slug":"fundas-cubre-pallet","status":"publish","type":"page","link":"https:\/\/industriasdys.cl\/index.php\/fundas-cubre-pallet\/","title":{"rendered":"Fundas cubre pallet"},"content":{"rendered":"\n<p>Corresponde a una bolsa que cubre el per\u00edmetro del pallet, el cual agiliza su aplicaci\u00f3n y recubre el pallet en su totalidad.<\/p>\n\n\n\n<p>Dicho producto se fabrica con la finalidad de brindar protecci\u00f3n en el pallet&nbsp;del polvo, suciedad y humedad, durante su transporte o almacenamiento.<\/p>\n\n\n\n<figure class=\"wp-block-image size-large\"><img loading=\"lazy\" width=\"310\" height=\"331\" src=\"https:\/\/industriasdys.cl\/wp-content\/uploads\/2020\/08\/funda-cubre-pallet.png\" alt=\"\" class=\"wp-image-122\" srcset=\"https:\/\/industriasdys.cl\/wp-content\/uploads\/2020\/08\/funda-cubre-pallet.png 310w, https:\/\/industriasdys.cl\/wp-content\/uploads\/2020\/08\/funda-cubre-pallet-281x300.png 281w\" sizes=\"(max-width: 310px) 100vw, 310px\" \/><\/figure>\n","protected":false},"excerpt":{"rendered":"<p>Corresponde a una bolsa que cubre el per\u00edmetro del pallet, el cual agiliza su aplicaci\u00f3n y recubre el pallet en su totalidad. Dicho producto se fabrica con la finalidad de brindar protecci\u00f3n en el pallet&nbsp;del polvo, suciedad y humedad, durante su transporte o almacenamiento.<\/p>\n","protected":false},"author":1,"featured_media":0,"parent":0,"menu_order":0,"comment_status":"closed","ping_status":"closed","template":"","meta":[],"_links":{"self":[{"href":"https:\/\/industriasdys.cl\/index.php\/wp-json\/wp\/v2\/pages\/121"}],"collection":[{"href":"https:\/\/industriasdys.cl\/index.php\/wp-json\/wp\/v2\/pages"}],"about":[{"href":"https:\/\/industriasdys.cl\/index.php\/wp-json\/wp\/v2\/types\/page"}],"author":[{"embeddable":true,"href":"https:\/\/industriasdys.cl\/index.php\/wp-json\/wp\/v2\/users\/1"}],"replies":[{"embeddable":true,"href":"https:\/\/industriasdys.cl\/index.php\/wp-json\/wp\/v2\/comments?post=121"}],"version-history":[{"count":2,"href":"https:\/\/industriasdys.cl\/index.php\/wp-json\/wp\/v2\/pages\/121\/revisions"}],"predecessor-version":[{"id":135,"href":"https:\/\/industriasdys.cl\/index.php\/wp-json\/wp\/v2\/pages\/121\/revisions\/135"}],"wp:attachment":[{"href":"https:\/\/industriasdys.cl\/index.php\/wp-json\/wp\/v2\/media?parent=121"}],"curies":[{"name":"wp","href":"https:\/\/api.w.org\/{rel}","templated":true}]}}