{"id":115,"date":"2020-08-27T01:44:12","date_gmt":"2020-08-27T01:44:12","guid":{"rendered":"https:\/\/industriasdys.cl\/?page_id=115"},"modified":"2020-08-27T01:44:12","modified_gmt":"2020-08-27T01:44:12","slug":"bolsas-termocontraibles","status":"publish","type":"page","link":"https:\/\/industriasdys.cl\/index.php\/bolsas-termocontraibles\/","title":{"rendered":"Bolsas Termocontraibles"},"content":{"rendered":"\n<p>Manga de polietileno, sellada en la base, con propiedades de contracci\u00f3n frente a altas temperaturas. Utilizadas en l\u00edneas productivas para contener y cubrir productos de una manera m\u00e1s efectiva en cuanto al aislamiento del polvo por la hermeticidad que se puede lograr.<\/p>\n\n\n\n<p>Ancho y espesores espec\u00edficos para cada proyecto.<\/p>\n","protected":false},"excerpt":{"rendered":"<p>Manga de polietileno, sellada en la base, con propiedades de contracci\u00f3n frente a altas temperaturas. Utilizadas en l\u00edneas productivas para contener y cubrir productos de una manera m\u00e1s efectiva en cuanto al aislamiento del polvo por la hermeticidad que se puede lograr. Ancho y espesores espec\u00edficos para cada proyecto.<\/p>\n","protected":false},"author":1,"featured_media":0,"parent":0,"menu_order":0,"comment_status":"closed","ping_status":"closed","template":"","meta":[],"_links":{"self":[{"href":"https:\/\/industriasdys.cl\/index.php\/wp-json\/wp\/v2\/pages\/115"}],"collection":[{"href":"https:\/\/industriasdys.cl\/index.php\/wp-json\/wp\/v2\/pages"}],"about":[{"href":"https:\/\/industriasdys.cl\/index.php\/wp-json\/wp\/v2\/types\/page"}],"author":[{"embeddable":true,"href":"https:\/\/industriasdys.cl\/index.php\/wp-json\/wp\/v2\/users\/1"}],"replies":[{"embeddable":true,"href":"https:\/\/industriasdys.cl\/index.php\/wp-json\/wp\/v2\/comments?post=115"}],"version-history":[{"count":1,"href":"https:\/\/industriasdys.cl\/index.php\/wp-json\/wp\/v2\/pages\/115\/revisions"}],"predecessor-version":[{"id":116,"href":"https:\/\/industriasdys.cl\/index.php\/wp-json\/wp\/v2\/pages\/115\/revisions\/116"}],"wp:attachment":[{"href":"https:\/\/industriasdys.cl\/index.php\/wp-json\/wp\/v2\/media?parent=115"}],"curies":[{"name":"wp","href":"https:\/\/api.w.org\/{rel}","templated":true}]}}